{"id":9,"date":"2023-07-21T11:29:13","date_gmt":"2023-07-21T09:29:13","guid":{"rendered":"http:\/\/astrangecountry.fr\/?page_id=9"},"modified":"2026-01-28T12:36:59","modified_gmt":"2026-01-28T11:36:59","slug":"accueil","status":"publish","type":"page","link":"https:\/\/astrangecountry.fr\/","title":{"rendered":""},"content":{"rendered":"\n<p class=\"has-text-align-center flash has-white-color has-luminous-vivid-amber-background-color has-text-color has-background has-link-color wp-elements-b7f9a805c6ed803c93071db24b6b3c6c\" style=\"font-size:18px\"><strong><a href=\"https:\/\/music.imusician.pro\/a\/cneBDawk\/\" target=\"_blank\" rel=\"noreferrer noopener\">NOUVEL EP DISPONIBLE !<\/a><\/strong><\/p>\n\n\n<div class=\"wp-block-image cover\">\n<figure class=\"aligncenter size-large is-resized\"><a href=\"https:\/\/music.imusician.pro\/a\/-iLJ2Q7M\/ \" target=\"_blank\" rel=\" noreferrer noopener\"><img loading=\"lazy\" decoding=\"async\" width=\"1024\" height=\"1024\" src=\"https:\/\/astrangecountry.fr\/wp-content\/uploads\/2025\/02\/ASC-POCHETTE-1024x1024.jpg\" alt=\"A Strange Country - EP Cover\" class=\"wp-image-245\" style=\"width:314px;height:auto\" srcset=\"https:\/\/astrangecountry.fr\/wp-content\/uploads\/2025\/02\/ASC-POCHETTE-1024x1024.jpg 1024w, https:\/\/astrangecountry.fr\/wp-content\/uploads\/2025\/02\/ASC-POCHETTE-300x300.jpg 300w, https:\/\/astrangecountry.fr\/wp-content\/uploads\/2025\/02\/ASC-POCHETTE-150x150.jpg 150w, https:\/\/astrangecountry.fr\/wp-content\/uploads\/2025\/02\/ASC-POCHETTE-768x768.jpg 768w, https:\/\/astrangecountry.fr\/wp-content\/uploads\/2025\/02\/ASC-POCHETTE-1536x1536.jpg 1536w, https:\/\/astrangecountry.fr\/wp-content\/uploads\/2025\/02\/ASC-POCHETTE-100x100.jpg 100w, https:\/\/astrangecountry.fr\/wp-content\/uploads\/2025\/02\/ASC-POCHETTE.jpg 2048w\" sizes=\"auto, (max-width: 767px) 89vw, (max-width: 1000px) 54vw, (max-width: 1071px) 543px, 580px\" \/><\/a><\/figure>\n<\/div>\n\n\n<p><span class=\"asc\">A Strange Country<\/span> explore les grands espaces toujours vivaces de l\u2019Americana (folk blues bluegrass). Chroniques \u00e2pres de vies d\u00e9cal\u00e9es entre la grande histoire et la vie quotidienne, de ce qui se joue dans les marges et les interstices et qui laisse un go\u00fbt doux amer. Chant, guitare, basse \/ contrebasse, batterie sortent des sentiers battus de la folk country pour en r\u00e9v\u00e9ler toute la modernit\u00e9.<\/p>\n\n\n\n<div class=\"wp-block-buttons is-content-justification-center is-layout-flex wp-container-core-buttons-is-layout-16018d1d wp-block-buttons-is-layout-flex\">\n<div class=\"wp-block-button is-style-outline monBouton is-style-outline--1\"><a class=\"wp-block-button__link has-small-font-size has-custom-font-size wp-element-button\" href=\"https:\/\/www.youtube.com\/watch?v=nsgjhw1H_VU\" style=\"border-radius:8px\" target=\"_blank\" rel=\"noreferrer noopener\"><strong>VOIR LA VIDEO<\/strong><\/a><\/div>\n<\/div>\n\n\n\n<div style=\"height:42px\" aria-hidden=\"true\" class=\"wp-block-spacer\"><\/div>\n\n\n\n<ul class=\"wp-block-social-links is-content-justification-center is-layout-flex wp-container-core-social-links-is-layout-16018d1d wp-block-social-links-is-layout-flex\"><li class=\"wp-social-link wp-social-link-instagram  wp-block-social-link\"><a href=\"https:\/\/www.instagram.com\/a_strange_country\/\" class=\"wp-block-social-link-anchor\"><svg width=\"24\" height=\"24\" viewBox=\"0 0 24 24\" version=\"1.1\" xmlns=\"http:\/\/www.w3.org\/2000\/svg\" aria-hidden=\"true\" focusable=\"false\"><path d=\"M12,4.622c2.403,0,2.688,0.009,3.637,0.052c0.877,0.04,1.354,0.187,1.671,0.31c0.42,0.163,0.72,0.358,1.035,0.673 c0.315,0.315,0.51,0.615,0.673,1.035c0.123,0.317,0.27,0.794,0.31,1.671c0.043,0.949,0.052,1.234,0.052,3.637 s-0.009,2.688-0.052,3.637c-0.04,0.877-0.187,1.354-0.31,1.671c-0.163,0.42-0.358,0.72-0.673,1.035 c-0.315,0.315-0.615,0.51-1.035,0.673c-0.317,0.123-0.794,0.27-1.671,0.31c-0.949,0.043-1.233,0.052-3.637,0.052 s-2.688-0.009-3.637-0.052c-0.877-0.04-1.354-0.187-1.671-0.31c-0.42-0.163-0.72-0.358-1.035-0.673 c-0.315-0.315-0.51-0.615-0.673-1.035c-0.123-0.317-0.27-0.794-0.31-1.671C4.631,14.688,4.622,14.403,4.622,12 s0.009-2.688,0.052-3.637c0.04-0.877,0.187-1.354,0.31-1.671c0.163-0.42,0.358-0.72,0.673-1.035 c0.315-0.315,0.615-0.51,1.035-0.673c0.317-0.123,0.794-0.27,1.671-0.31C9.312,4.631,9.597,4.622,12,4.622 M12,3 C9.556,3,9.249,3.01,8.289,3.054C7.331,3.098,6.677,3.25,6.105,3.472C5.513,3.702,5.011,4.01,4.511,4.511 c-0.5,0.5-0.808,1.002-1.038,1.594C3.25,6.677,3.098,7.331,3.054,8.289C3.01,9.249,3,9.556,3,12c0,2.444,0.01,2.751,0.054,3.711 c0.044,0.958,0.196,1.612,0.418,2.185c0.23,0.592,0.538,1.094,1.038,1.594c0.5,0.5,1.002,0.808,1.594,1.038 c0.572,0.222,1.227,0.375,2.185,0.418C9.249,20.99,9.556,21,12,21s2.751-0.01,3.711-0.054c0.958-0.044,1.612-0.196,2.185-0.418 c0.592-0.23,1.094-0.538,1.594-1.038c0.5-0.5,0.808-1.002,1.038-1.594c0.222-0.572,0.375-1.227,0.418-2.185 C20.99,14.751,21,14.444,21,12s-0.01-2.751-0.054-3.711c-0.044-0.958-0.196-1.612-0.418-2.185c-0.23-0.592-0.538-1.094-1.038-1.594 c-0.5-0.5-1.002-0.808-1.594-1.038c-0.572-0.222-1.227-0.375-2.185-0.418C14.751,3.01,14.444,3,12,3L12,3z M12,7.378 c-2.552,0-4.622,2.069-4.622,4.622S9.448,16.622,12,16.622s4.622-2.069,4.622-4.622S14.552,7.378,12,7.378z M12,15 c-1.657,0-3-1.343-3-3s1.343-3,3-3s3,1.343,3,3S13.657,15,12,15z M16.804,6.116c-0.596,0-1.08,0.484-1.08,1.08 s0.484,1.08,1.08,1.08c0.596,0,1.08-0.484,1.08-1.08S17.401,6.116,16.804,6.116z\"><\/path><\/svg><span class=\"wp-block-social-link-label screen-reader-text\">Instagram<\/span><\/a><\/li>\n\n<li class=\"wp-social-link wp-social-link-youtube  wp-block-social-link\"><a href=\"https:\/\/www.youtube.com\/@tokillamockingbird279\" class=\"wp-block-social-link-anchor\"><svg width=\"24\" height=\"24\" viewBox=\"0 0 24 24\" version=\"1.1\" xmlns=\"http:\/\/www.w3.org\/2000\/svg\" aria-hidden=\"true\" focusable=\"false\"><path d=\"M21.8,8.001c0,0-0.195-1.378-0.795-1.985c-0.76-0.797-1.613-0.801-2.004-0.847c-2.799-0.202-6.997-0.202-6.997-0.202 h-0.009c0,0-4.198,0-6.997,0.202C4.608,5.216,3.756,5.22,2.995,6.016C2.395,6.623,2.2,8.001,2.2,8.001S2,9.62,2,11.238v1.517 c0,1.618,0.2,3.237,0.2,3.237s0.195,1.378,0.795,1.985c0.761,0.797,1.76,0.771,2.205,0.855c1.6,0.153,6.8,0.201,6.8,0.201 s4.203-0.006,7.001-0.209c0.391-0.047,1.243-0.051,2.004-0.847c0.6-0.607,0.795-1.985,0.795-1.985s0.2-1.618,0.2-3.237v-1.517 C22,9.62,21.8,8.001,21.8,8.001z M9.935,14.594l-0.001-5.62l5.404,2.82L9.935,14.594z\"><\/path><\/svg><span class=\"wp-block-social-link-label screen-reader-text\">YouTube<\/span><\/a><\/li>\n\n<li class=\"wp-social-link wp-social-link-soundcloud  wp-block-social-link\"><a href=\"https:\/\/soundcloud.com\/user-556745270\/sets\/a-strange-country?utm_source=clipboard&#038;utm_medium=text&#038;utm_campaign=social_sharing\" class=\"wp-block-social-link-anchor\"><svg width=\"24\" height=\"24\" viewBox=\"0 0 24 24\" version=\"1.1\" xmlns=\"http:\/\/www.w3.org\/2000\/svg\" aria-hidden=\"true\" focusable=\"false\"><path d=\"M8.9,16.1L9,14L8.9,9.5c0-0.1,0-0.1-0.1-0.1c0,0-0.1-0.1-0.1-0.1c-0.1,0-0.1,0-0.1,0.1c0,0-0.1,0.1-0.1,0.1L8.3,14l0.1,2.1 c0,0.1,0,0.1,0.1,0.1c0,0,0.1,0.1,0.1,0.1C8.8,16.3,8.9,16.3,8.9,16.1z M11.4,15.9l0.1-1.8L11.4,9c0-0.1,0-0.2-0.1-0.2 c0,0-0.1,0-0.1,0s-0.1,0-0.1,0c-0.1,0-0.1,0.1-0.1,0.2l0,0.1l-0.1,5c0,0,0,0.7,0.1,2v0c0,0.1,0,0.1,0.1,0.1c0.1,0.1,0.1,0.1,0.2,0.1 c0.1,0,0.1,0,0.2-0.1c0.1,0,0.1-0.1,0.1-0.2L11.4,15.9z M2.4,12.9L2.5,14l-0.2,1.1c0,0.1,0,0.1-0.1,0.1c0,0-0.1,0-0.1-0.1L2.1,14 l0.1-1.1C2.2,12.9,2.3,12.9,2.4,12.9C2.3,12.9,2.4,12.9,2.4,12.9z M3.1,12.2L3.3,14l-0.2,1.8c0,0.1,0,0.1-0.1,0.1 c-0.1,0-0.1,0-0.1-0.1L2.8,14L3,12.2C3,12.2,3,12.2,3.1,12.2C3.1,12.2,3.1,12.2,3.1,12.2z M3.9,11.9L4.1,14l-0.2,2.1 c0,0.1,0,0.1-0.1,0.1c-0.1,0-0.1,0-0.1-0.1L3.5,14l0.2-2.1c0-0.1,0-0.1,0.1-0.1C3.9,11.8,3.9,11.8,3.9,11.9z M4.7,11.9L4.9,14 l-0.2,2.1c0,0.1-0.1,0.1-0.1,0.1c-0.1,0-0.1,0-0.1-0.1L4.3,14l0.2-2.2c0-0.1,0-0.1,0.1-0.1C4.7,11.7,4.7,11.8,4.7,11.9z M5.6,12 l0.2,2l-0.2,2.1c0,0.1-0.1,0.1-0.1,0.1c0,0-0.1,0-0.1,0c0,0,0-0.1,0-0.1L5.1,14l0.2-2c0,0,0-0.1,0-0.1s0.1,0,0.1,0 C5.5,11.9,5.5,11.9,5.6,12L5.6,12z M6.4,10.7L6.6,14l-0.2,2.1c0,0,0,0.1,0,0.1c0,0-0.1,0-0.1,0c-0.1,0-0.1-0.1-0.2-0.2L5.9,14 l0.2-3.3c0-0.1,0.1-0.2,0.2-0.2c0,0,0.1,0,0.1,0C6.4,10.7,6.4,10.7,6.4,10.7z M7.2,10l0.2,4.1l-0.2,2.1c0,0,0,0.1,0,0.1 c0,0-0.1,0-0.1,0c-0.1,0-0.2-0.1-0.2-0.2l-0.1-2.1L6.8,10c0-0.1,0.1-0.2,0.2-0.2c0,0,0.1,0,0.1,0S7.2,9.9,7.2,10z M8,9.6L8.2,14 L8,16.1c0,0.1-0.1,0.2-0.2,0.2c-0.1,0-0.2-0.1-0.2-0.2L7.5,14l0.1-4.4c0-0.1,0-0.1,0.1-0.1c0,0,0.1-0.1,0.1-0.1c0.1,0,0.1,0,0.1,0.1 C8,9.6,8,9.6,8,9.6z M11.4,16.1L11.4,16.1L11.4,16.1z M9.7,9.6L9.8,14l-0.1,2.1c0,0.1,0,0.1-0.1,0.2s-0.1,0.1-0.2,0.1 c-0.1,0-0.1,0-0.1-0.1s-0.1-0.1-0.1-0.2L9.2,14l0.1-4.4c0-0.1,0-0.1,0.1-0.2s0.1-0.1,0.2-0.1c0.1,0,0.1,0,0.2,0.1S9.7,9.5,9.7,9.6 L9.7,9.6z M10.6,9.8l0.1,4.3l-0.1,2c0,0.1,0,0.1-0.1,0.2c0,0-0.1,0.1-0.2,0.1c-0.1,0-0.1,0-0.2-0.1c0,0-0.1-0.1-0.1-0.2L10,14 l0.1-4.3c0-0.1,0-0.1,0.1-0.2c0,0,0.1-0.1,0.2-0.1c0.1,0,0.1,0,0.2,0.1S10.6,9.7,10.6,9.8z M12.4,14l-0.1,2c0,0.1,0,0.1-0.1,0.2 c-0.1,0.1-0.1,0.1-0.2,0.1c-0.1,0-0.1,0-0.2-0.1c-0.1-0.1-0.1-0.1-0.1-0.2l-0.1-1l-0.1-1l0.1-5.5v0c0-0.1,0-0.2,0.1-0.2 c0.1,0,0.1-0.1,0.2-0.1c0,0,0.1,0,0.1,0c0.1,0,0.1,0.1,0.1,0.2L12.4,14z M22.1,13.9c0,0.7-0.2,1.3-0.7,1.7c-0.5,0.5-1.1,0.7-1.7,0.7 h-6.8c-0.1,0-0.1,0-0.2-0.1c-0.1-0.1-0.1-0.1-0.1-0.2V8.2c0-0.1,0.1-0.2,0.2-0.3c0.5-0.2,1-0.3,1.6-0.3c1.1,0,2.1,0.4,2.9,1.1 c0.8,0.8,1.3,1.7,1.4,2.8c0.3-0.1,0.6-0.2,1-0.2c0.7,0,1.3,0.2,1.7,0.7C21.8,12.6,22.1,13.2,22.1,13.9L22.1,13.9z\"><\/path><\/svg><span class=\"wp-block-social-link-label screen-reader-text\">SoundCloud<\/span><\/a><\/li><\/ul>\n","protected":false},"excerpt":{"rendered":"<p>NOUVEL EP DISPONIBLE ! A Strange Country explore les grands espaces toujours vivaces de l\u2019Americana (folk blues bluegrass). Chroniques \u00e2pres de vies d\u00e9cal\u00e9es entre la grande histoire et la vie quotidienne, de ce qui se joue dans les marges et les interstices et qui laisse un go\u00fbt doux amer. Chant, guitare, basse \/ contrebasse, batterie &hellip; <\/p>\n<p class=\"link-more\"><a href=\"https:\/\/astrangecountry.fr\/\" class=\"more-link\">Continue reading<span class=\"screen-reader-text\"> &#8220;&#8221;<\/span><\/a><\/p>\n","protected":false},"author":2,"featured_media":0,"parent":0,"menu_order":0,"comment_status":"closed","ping_status":"closed","template":"","meta":{"footnotes":""},"class_list":["post-9","page","type-page","status-publish","hentry"],"_links":{"self":[{"href":"https:\/\/astrangecountry.fr\/index.php\/wp-json\/wp\/v2\/pages\/9","targetHints":{"allow":["GET"]}}],"collection":[{"href":"https:\/\/astrangecountry.fr\/index.php\/wp-json\/wp\/v2\/pages"}],"about":[{"href":"https:\/\/astrangecountry.fr\/index.php\/wp-json\/wp\/v2\/types\/page"}],"author":[{"embeddable":true,"href":"https:\/\/astrangecountry.fr\/index.php\/wp-json\/wp\/v2\/users\/2"}],"replies":[{"embeddable":true,"href":"https:\/\/astrangecountry.fr\/index.php\/wp-json\/wp\/v2\/comments?post=9"}],"version-history":[{"count":21,"href":"https:\/\/astrangecountry.fr\/index.php\/wp-json\/wp\/v2\/pages\/9\/revisions"}],"predecessor-version":[{"id":267,"href":"https:\/\/astrangecountry.fr\/index.php\/wp-json\/wp\/v2\/pages\/9\/revisions\/267"}],"wp:attachment":[{"href":"https:\/\/astrangecountry.fr\/index.php\/wp-json\/wp\/v2\/media?parent=9"}],"curies":[{"name":"wp","href":"https:\/\/api.w.org\/{rel}","templated":true}]}}